{"id":13781,"date":"2023-11-04T20:46:51","date_gmt":"2023-11-04T19:46:51","guid":{"rendered":"https:\/\/fixator.fr\/?post_type=product&#038;p=13781"},"modified":"2026-02-02T16:39:51","modified_gmt":"2026-02-02T15:39:51","slug":"permanente-arbeitskorbe-perm-02-perm-02b","status":"publish","type":"product","link":"https:\/\/iarina032.supserv.cozmoslabs.com\/de\/produit\/nacelles-permanentes-perm-02-perm-02b\/","title":{"rendered":"Permanente Arbeitsk\u00f6rbe PERM 02 \u2013 PERM 02B"},"content":{"rendered":"","protected":false},"excerpt":{"rendered":"<h2 style=\"text-align: left;\"><span style=\"color: #00a776;\"><span style=\"font-family: Raleway;\"><span style=\"font-size: x-large;\"><b>Produktbeschreibung<\/b><\/span><\/span><\/span><\/h2>\n<p>Die<strong> permanent h\u00e4ngende Arbeitsk\u00f6rben<\/strong> FIXATOR erm\u00f6glicht Ihnen dies<strong> Fenster-, Vorhangfassaden- und Atriumreinigungsarbeiten<\/strong>.<\/p>\n<p>Unsere permanent aufgeh\u00e4ngten Arbeitsk\u00f6rbe sind <strong>wird auch in der industriellen Infrastruktur eingesetzt<\/strong>.<\/p>\n<p>Sie sind mit dem motorisiert<strong> Elektrische Personenhebewinde e.lift 350<\/strong> \u2013 dreiphasig oder einphasig.<\/p>\n<p>Wir bieten zwei Modelle permanenter Arbeitsk\u00f6rben an:<\/p>\n<p>Arbeitsk\u00f6rb<strong> PERM 02B<\/strong> in Form <strong>rechteckig<\/strong>,<br \/>\nArbeitsk\u00f6rb <strong>PERM 02<\/strong> in Form <strong>trapezf\u00f6rmig<\/strong>.<\/p>\n<p>&nbsp;<\/p>\n<h2 style=\"text-align: left;\"><span style=\"color: #00a776;\"><span style=\"font-family: Raleway;\"><span style=\"font-size: x-large;\"><span style=\"color: #00a776; font-family: Raleway; font-size: x-large;\"><b>Vorteile<\/b><\/span><b style=\"color: #00a776; font-family: Raleway; font-size: x-large;\">\u00a0Benutzer<\/b><\/span><\/span><\/span><\/h2>\n<p>&nbsp;<\/p>\n<h3 style=\"text-align: left;\"><strong>Sicherheit:<\/strong><\/h3>\n<ul>\n<li>Ausgestattet mit einem S\u00e9curichute 500-Sicherheitsblock (Absturzsicherungssystem);<\/li>\n<li>Manueller Abstieg bei Stromausfall;<\/li>\n<li>Hergestellt aus einer mechanisch geschwei\u00dften Konstruktion aus verzinktem Stahl (Trageb\u00fcgel) und Aluminium (Rohrstruktur und Verkleidung), was sie sehr korrosionsbest\u00e4ndig macht.<\/li>\n<\/ul>\n<h3 style=\"text-align: left;\"><strong>Praktikabilit\u00e4t:<\/strong><\/h3>\n<ul>\n<li>Kabeltrommeln und Kabeltr\u00e4ger aus Stahl f\u00fcr Elektrokabel;<\/li>\n<li>Rutschfester Boden;<\/li>\n<li>Schneller Zugang zu Fassaden und Fassadenecken.<\/li>\n<\/ul>","protected":false},"featured_media":13810,"comment_status":"closed","ping_status":"closed","template":"","meta":{"_acf_changed":false,"_et_pb_use_builder":"on","_et_pb_old_content":"","_et_gb_content_width":""},"product_brand":[],"product_cat":[1481,1491,1308,1161,1169,1370,1449],"product_tag":[],"class_list":{"0":"post-13781","1":"product","2":"type-product","3":"status-publish","4":"has-post-thumbnail","6":"product_cat-nacelles-suspendues-permanentes","7":"product_cat-inferieur-a-300-kg-660-lbs","8":"product_cat-batiment-secteur-dactivite","9":"product_cat-equipements-permanents","10":"product_cat-industrie","11":"product_cat-levage-de-personnes-type-de-levage","12":"product_cat-travaux-permanents","14":"first","15":"instock","16":"shipping-taxable","17":"purchasable","18":"product-type-variable","19":"has-default-attributes"},"acf":[],"_links":{"self":[{"href":"https:\/\/iarina032.supserv.cozmoslabs.com\/de\/wp-json\/wp\/v2\/product\/13781","targetHints":{"allow":["GET"]}}],"collection":[{"href":"https:\/\/iarina032.supserv.cozmoslabs.com\/de\/wp-json\/wp\/v2\/product"}],"about":[{"href":"https:\/\/iarina032.supserv.cozmoslabs.com\/de\/wp-json\/wp\/v2\/types\/product"}],"replies":[{"embeddable":true,"href":"https:\/\/iarina032.supserv.cozmoslabs.com\/de\/wp-json\/wp\/v2\/comments?post=13781"}],"wp:featuredmedia":[{"embeddable":true,"href":"https:\/\/iarina032.supserv.cozmoslabs.com\/de\/wp-json\/wp\/v2\/media\/13810"}],"wp:attachment":[{"href":"https:\/\/iarina032.supserv.cozmoslabs.com\/de\/wp-json\/wp\/v2\/media?parent=13781"}],"wp:term":[{"taxonomy":"product_brand","embeddable":true,"href":"https:\/\/iarina032.supserv.cozmoslabs.com\/de\/wp-json\/wp\/v2\/product_brand?post=13781"},{"taxonomy":"product_cat","embeddable":true,"href":"https:\/\/iarina032.supserv.cozmoslabs.com\/de\/wp-json\/wp\/v2\/product_cat?post=13781"},{"taxonomy":"product_tag","embeddable":true,"href":"https:\/\/iarina032.supserv.cozmoslabs.com\/de\/wp-json\/wp\/v2\/product_tag?post=13781"}],"curies":[{"name":"wp","href":"https:\/\/api.w.org\/{rel}","templated":true}]}}