{"id":13744,"date":"2023-11-04T16:54:25","date_gmt":"2023-11-04T15:54:25","guid":{"rendered":"https:\/\/fixator.fr\/?post_type=product&#038;p=13744"},"modified":"2025-04-22T17:24:21","modified_gmt":"2025-04-22T15:24:21","slug":"temporare-arbeitssitz","status":"publish","type":"product","link":"https:\/\/iarina032.supserv.cozmoslabs.com\/de\/produit\/sellettes-individuelles-temporaires\/","title":{"rendered":"Tempor\u00e4re Arbeitssitz"},"content":{"rendered":"","protected":false},"excerpt":{"rendered":"<h1><span style=\"color: #00a776;\"><span style=\"font-family: Raleway;\"><span style=\"font-size: x-large;\"><b>Produktbeschreibung<\/b><\/span><\/span><\/span><\/h1>\n<p>Die <strong>tempor\u00e4re individuelle Arbeitssitze<\/strong>, die zur Durchf\u00fchrung von Inspektionen oder Fassadenarbeiten im Sitzen konzipiert sind, bieten eine echte Alternative zur H\u00e4ngeb\u00fchne mit dem Unterschied, dass sie ausschlie\u00dflich genutzt werden<strong>eine einzelne Personenhebewinde<\/strong> (manuell oder elektrisch).<\/p>\n<p>der Arbeitskorb , der mit Rollen ausgestattet werden kann <strong>Arbeiten in engen R\u00e4umen und eingeschr\u00e4nktem Zugang<\/strong> und profitiert von einer schnellen Inbetriebnahme auf der Baustelle.<\/p>\n<p>Fixator bietet an <strong>zwei Versionen<\/strong> Anzahl der Geschirre: <strong>Handbuch<\/strong> mit Winde <strong><a href=\"https:\/\/iarina032.supserv.cozmoslabs.com\/de\/produkt\/winde-handbuch-mlift-400kg-900lbs\/\">m.lift 400<\/a><\/strong> oder <strong>elektrisch<\/strong> mit Winde<strong><a href=\"https:\/\/iarina032.supserv.cozmoslabs.com\/de\/produkt\/winden-e-lift-350-501-601\/\"> e.lift 350<\/a><\/strong>.<\/p>\n<p>Individuelle Arbeitssitze <strong>werden an H\u00e4ngesystemen aufgeh\u00e4ngt<\/strong> wie <a href=\"https:\/\/iarina032.supserv.cozmoslabs.com\/de\/produkt\/fixapoutre-dachausleger\/\"><strong>Dachausleger<\/strong><\/a> oder der <a href=\"https:\/\/iarina032.supserv.cozmoslabs.com\/de\/produkt\/brustungszangen-500-600-800\/\"><strong>Br\u00fcstungshalterung<\/strong><\/a>.<\/p>\n<h1><span style=\"color: #00a776;\"><span style=\"font-family: Raleway;\"><span style=\"font-size: x-large;\"><span style=\"color: #00a776; font-family: Raleway; font-size: x-large;\"><b>Vorteile<\/b><\/span><b style=\"color: #00a776; font-family: Raleway; font-size: x-large;\">\u00a0Benutzer<\/b><\/span><\/span><\/span><\/h1>\n<p><strong>Komfort und Praktikabilit\u00e4t:<\/strong><\/p>\n<ul>\n<li>Ideal f\u00fcr Arbeiten in engen R\u00e4umen und eingeschr\u00e4nktem Zugang;<\/li>\n<li>\u201eEinsatzbereit\u201c geliefert \u2013 Winde vor dem Versand auf der Arbeitssitz montiert;<\/li>\n<li>Ergonomisch, handlich, platzsparend;<\/li>\n<li>Schneller Zugang nach vorne im Sitzen mit H\u00e4ngegurt;<\/li>\n<li>Agile Montage und Demontage;<\/li>\n<li>Individuelle Gestaltung nach gemeinsam mit dem Konstruktionsb\u00fcro definierten Vorgaben m\u00f6glich.<\/li>\n<\/ul>","protected":false},"featured_media":9359,"comment_status":"closed","ping_status":"closed","template":"","meta":{"_acf_changed":false,"_et_pb_use_builder":"","_et_pb_old_content":"","_et_gb_content_width":""},"product_brand":[],"product_cat":[1478,1450,1311,1160,1169,1370,1448],"product_tag":[],"class_list":{"0":"post-13744","1":"product","2":"type-product","3":"status-publish","4":"has-post-thumbnail","6":"product_cat-sellettes-suspendues-temporaires","7":"product_cat-acces-exterieur","8":"product_cat-eolien","9":"product_cat-equipements-temporaires","10":"product_cat-industrie","11":"product_cat-levage-de-personnes-type-de-levage","12":"product_cat-travaux-temporaires","14":"first","15":"instock","16":"shipping-taxable","17":"purchasable","18":"product-type-variable","19":"has-default-attributes"},"acf":[],"_links":{"self":[{"href":"https:\/\/iarina032.supserv.cozmoslabs.com\/de\/wp-json\/wp\/v2\/product\/13744","targetHints":{"allow":["GET"]}}],"collection":[{"href":"https:\/\/iarina032.supserv.cozmoslabs.com\/de\/wp-json\/wp\/v2\/product"}],"about":[{"href":"https:\/\/iarina032.supserv.cozmoslabs.com\/de\/wp-json\/wp\/v2\/types\/product"}],"replies":[{"embeddable":true,"href":"https:\/\/iarina032.supserv.cozmoslabs.com\/de\/wp-json\/wp\/v2\/comments?post=13744"}],"wp:featuredmedia":[{"embeddable":true,"href":"https:\/\/iarina032.supserv.cozmoslabs.com\/de\/wp-json\/wp\/v2\/media\/9359"}],"wp:attachment":[{"href":"https:\/\/iarina032.supserv.cozmoslabs.com\/de\/wp-json\/wp\/v2\/media?parent=13744"}],"wp:term":[{"taxonomy":"product_brand","embeddable":true,"href":"https:\/\/iarina032.supserv.cozmoslabs.com\/de\/wp-json\/wp\/v2\/product_brand?post=13744"},{"taxonomy":"product_cat","embeddable":true,"href":"https:\/\/iarina032.supserv.cozmoslabs.com\/de\/wp-json\/wp\/v2\/product_cat?post=13744"},{"taxonomy":"product_tag","embeddable":true,"href":"https:\/\/iarina032.supserv.cozmoslabs.com\/de\/wp-json\/wp\/v2\/product_tag?post=13744"}],"curies":[{"name":"wp","href":"https:\/\/api.w.org\/{rel}","templated":true}]}}