{"id":13537,"date":"2023-08-02T16:47:41","date_gmt":"2023-08-02T14:47:41","guid":{"rendered":"https:\/\/fixator.fr\/?post_type=product&#038;p=13537"},"modified":"2025-06-23T16:16:28","modified_gmt":"2025-06-23T14:16:28","slug":"pneumatisch-winde-plift-500","status":"publish","type":"product","link":"https:\/\/iarina032.supserv.cozmoslabs.com\/de\/produit\/treuil-pneumatique-plift-500\/","title":{"rendered":"Pneumatische Winde p.lift 500 kg"},"content":{"rendered":"","protected":false},"excerpt":{"rendered":"<h2 style=\"text-align: left;\"><span style=\"color: #4786a6;\"><span style=\"font-family: Raleway;\"><span style=\"font-size: medium;\"><b>CE-Norm<\/b><\/span><\/span><\/span><\/h2>\n<h2 style=\"text-align: left;\"><span style=\"color: #00a776;\"><span style=\"font-family: Raleway;\"><span style=\"font-size: x-large;\"><b>Produktbeschreibung<\/b><\/span><\/span><\/span><\/h2>\n<p style=\"text-align: left;\">Die<strong> p.lift 500 <\/strong>ist eine pneumatische Winde mit Kabeldurchf\u00fchrung, die der CE-Norm entspricht.<\/p>\n<p>Er arbeitet mit Druckluft mit einer Leistung von 6 bar und einem Luftdurchsatz von 1,4 m3\/min.<\/p>\n<p>Seine maximale Tragf\u00e4higkeit betr\u00e4gt 500 kg.<\/p>\n<p>In Verbindung mit einer h\u00e4ngenden Plattform oder Gondel erm\u00f6glicht es das Heben von Personen.<\/p>\n<p><strong>p.lift 500<\/strong> Passt sich jeder Art von Website an und ist ideal f\u00fcr <strong>Arbeiten in geschlossenen Atmosph\u00e4ren (Silos, Tanks usw.), in riskanten und extremen Umgebungen (ATEX-Risiko oder potenziell explosionsgef\u00e4hrdete Bereiche).<\/strong><\/p>\n<h2 style=\"text-align: left;\"><span style=\"color: #00a776;\"><span style=\"font-family: Raleway;\"><span style=\"font-size: x-large;\"><span style=\"color: #00a776; font-family: Raleway; font-size: x-large;\"><b>Vorteile<\/b><\/span><b style=\"color: #00a776; font-family: Raleway; font-size: x-large;\">\u00a0Benutzer<\/b><\/span><\/span><\/span><\/h2>\n<p><strong>Praktikabilit\u00e4t:<\/strong><\/p>\n<ul>\n<li>Die pneumatische Winde p.lift 500 passt sich allen Arten von Baustellen, Plattformen und Gondeln an. Da keine Stromversorgung erforderlich ist, ist es ideal f\u00fcr Arbeiten in geschlossener Atmosph\u00e4re oder bei Explosionsgefahr.<\/li>\n<\/ul>\n<p><strong>Sicherheit:<\/strong><\/p>\n<ul>\n<li>Lastbegrenzer;<\/li>\n<li>Ausgestattet mit Hauptbremssystemen mit Luftmangel- und \u00dcbergeschwindigkeits-Auffangger\u00e4ten und Rollensicherheitsstopps;<\/li>\n<li>Notstoppstempel.<\/li>\n<\/ul>","protected":false},"featured_media":9300,"comment_status":"closed","ping_status":"closed","template":"","meta":{"_acf_changed":false,"_et_pb_use_builder":"","_et_pb_old_content":"","_et_gb_content_width":""},"product_brand":[],"product_cat":[1167,1441,1308,1285,1169,1474,1452,1157,1515],"product_tag":[],"class_list":{"0":"post-13537","1":"product","2":"type-product","3":"status-publish","4":"has-post-thumbnail","6":"product_cat-treuils-de-levage-de-personnes","7":"product_cat-inferieur-a-500-kg-1100-lbs","8":"product_cat-batiment-secteur-dactivite","9":"product_cat-ce","10":"product_cat-industrie","11":"product_cat-mecanique","12":"product_cat-stockage-silos","13":"product_cat-treuils-de-levage","14":"product_cat-treuils-pneumatiques","16":"first","17":"instock","18":"shipping-taxable","19":"purchasable","20":"product-type-simple"},"acf":[],"_links":{"self":[{"href":"https:\/\/iarina032.supserv.cozmoslabs.com\/de\/wp-json\/wp\/v2\/product\/13537","targetHints":{"allow":["GET"]}}],"collection":[{"href":"https:\/\/iarina032.supserv.cozmoslabs.com\/de\/wp-json\/wp\/v2\/product"}],"about":[{"href":"https:\/\/iarina032.supserv.cozmoslabs.com\/de\/wp-json\/wp\/v2\/types\/product"}],"replies":[{"embeddable":true,"href":"https:\/\/iarina032.supserv.cozmoslabs.com\/de\/wp-json\/wp\/v2\/comments?post=13537"}],"wp:featuredmedia":[{"embeddable":true,"href":"https:\/\/iarina032.supserv.cozmoslabs.com\/de\/wp-json\/wp\/v2\/media\/9300"}],"wp:attachment":[{"href":"https:\/\/iarina032.supserv.cozmoslabs.com\/de\/wp-json\/wp\/v2\/media?parent=13537"}],"wp:term":[{"taxonomy":"product_brand","embeddable":true,"href":"https:\/\/iarina032.supserv.cozmoslabs.com\/de\/wp-json\/wp\/v2\/product_brand?post=13537"},{"taxonomy":"product_cat","embeddable":true,"href":"https:\/\/iarina032.supserv.cozmoslabs.com\/de\/wp-json\/wp\/v2\/product_cat?post=13537"},{"taxonomy":"product_tag","embeddable":true,"href":"https:\/\/iarina032.supserv.cozmoslabs.com\/de\/wp-json\/wp\/v2\/product_tag?post=13537"}],"curies":[{"name":"wp","href":"https:\/\/api.w.org\/{rel}","templated":true}]}}