{"id":13535,"date":"2023-08-02T15:37:50","date_gmt":"2023-08-02T13:37:50","guid":{"rendered":"https:\/\/fixator.fr\/?post_type=product&#038;p=13535"},"modified":"2025-06-23T16:16:06","modified_gmt":"2025-06-23T14:16:06","slug":"winde-handbuch-mlift-400kg-900lbs","status":"publish","type":"product","link":"https:\/\/iarina032.supserv.cozmoslabs.com\/de\/produit\/treuil-manuel-mlift-400kg-900lbs\/","title":{"rendered":"Manuelle Winde m.lift 400 kg (900lbs)"},"content":{"rendered":"","protected":false},"excerpt":{"rendered":"<h2 style=\"text-align: left;\"><span style=\"color: #4786a6;\"><span style=\"font-family: Raleway;\"><span style=\"font-size: medium;\"><b>CE\/UL-Standard<\/b><\/span><\/span><\/span><\/h2>\n<h2 style=\"text-align: left;\"><span style=\"color: #00a776;\"><span style=\"font-family: Raleway;\"><span style=\"font-size: x-large;\"><b>Produktbeschreibung<\/b><\/span><\/span><\/span><\/h2>\n<p><strong>mlift 400 <\/strong>ist eine manuelle Winde mit Kabeldurchf\u00fchrung, die den CE- und UL-Standards entspricht. Es erm\u00f6glicht Arbeiten in der H\u00f6he ohne Stromanschluss.<\/p>\n<p>Die Winde wurde zum Heben von Personen entwickelt <strong>m.lift 400<\/strong> kann eine Tragf\u00e4higkeit von 400 kg (900 lbs) erreichen.<\/p>\n<p>Empfohlene Arbeitsh\u00f6he bis 30 Meter.<\/p>\n<h2 style=\"text-align: left;\"><span style=\"color: #00a776;\"><span style=\"font-family: Raleway;\"><span style=\"font-size: x-large;\"><span style=\"color: #00a776; font-family: Raleway; font-size: x-large;\"><b>Vorteile<\/b><\/span><b style=\"color: #00a776; font-family: Raleway; font-size: x-large;\">\u00a0Benutzer<\/b><\/span><\/span><\/span><\/h2>\n<p><strong>Komfort :<\/strong><\/p>\n<ul>\n<li>Kompakt und leicht;<\/li>\n<li>Automatische Installation der 2 Kabel (Arbeit und Sicherheit).<\/li>\n<\/ul>\n<p><strong>Sicherheit:<\/strong><\/p>\n<ul>\n<li>Ausgestattet mit Anti-Fall-, Anti-Roll- und automatischen Bremssystemen;<\/li>\n<li>Sofort schlie\u00dfender Klemmbacken bei Lastabbruch (Kabeldurchhang).<\/li>\n<\/ul>","protected":false},"featured_media":18306,"comment_status":"closed","ping_status":"closed","template":"","meta":{"_acf_changed":false,"_et_pb_use_builder":"on","_et_pb_old_content":"","_et_gb_content_width":""},"product_brand":[1703],"product_cat":[1167,1492,1450,1308,1285,1311,1474,1449,1448,1157,1512,1286],"product_tag":[],"class_list":{"0":"post-13535","1":"product","2":"type-product","3":"status-publish","4":"has-post-thumbnail","6":"product_brand-fixator","7":"product_cat-treuils-de-levage-de-personnes","8":"product_cat-inferieur-a-400-kg-882-lbs","9":"product_cat-acces-exterieur","10":"product_cat-batiment-secteur-dactivite","11":"product_cat-ce","12":"product_cat-eolien","13":"product_cat-mecanique","14":"product_cat-travaux-permanents","15":"product_cat-travaux-temporaires","16":"product_cat-treuils-de-levage","17":"product_cat-treuils-manuels","18":"product_cat-ul","20":"first","21":"instock","22":"shipping-taxable","23":"purchasable","24":"product-type-simple"},"acf":[],"_links":{"self":[{"href":"https:\/\/iarina032.supserv.cozmoslabs.com\/de\/wp-json\/wp\/v2\/product\/13535","targetHints":{"allow":["GET"]}}],"collection":[{"href":"https:\/\/iarina032.supserv.cozmoslabs.com\/de\/wp-json\/wp\/v2\/product"}],"about":[{"href":"https:\/\/iarina032.supserv.cozmoslabs.com\/de\/wp-json\/wp\/v2\/types\/product"}],"replies":[{"embeddable":true,"href":"https:\/\/iarina032.supserv.cozmoslabs.com\/de\/wp-json\/wp\/v2\/comments?post=13535"}],"wp:featuredmedia":[{"embeddable":true,"href":"https:\/\/iarina032.supserv.cozmoslabs.com\/de\/wp-json\/wp\/v2\/media\/18306"}],"wp:attachment":[{"href":"https:\/\/iarina032.supserv.cozmoslabs.com\/de\/wp-json\/wp\/v2\/media?parent=13535"}],"wp:term":[{"taxonomy":"product_brand","embeddable":true,"href":"https:\/\/iarina032.supserv.cozmoslabs.com\/de\/wp-json\/wp\/v2\/product_brand?post=13535"},{"taxonomy":"product_cat","embeddable":true,"href":"https:\/\/iarina032.supserv.cozmoslabs.com\/de\/wp-json\/wp\/v2\/product_cat?post=13535"},{"taxonomy":"product_tag","embeddable":true,"href":"https:\/\/iarina032.supserv.cozmoslabs.com\/de\/wp-json\/wp\/v2\/product_tag?post=13535"}],"curies":[{"name":"wp","href":"https:\/\/api.w.org\/{rel}","templated":true}]}}