{"id":12992,"date":"2023-10-19T18:26:58","date_gmt":"2023-10-19T16:26:58","guid":{"rendered":"https:\/\/fixator.fr\/?post_type=product&#038;p=12992"},"modified":"2025-01-07T15:20:57","modified_gmt":"2025-01-07T14:20:57","slug":"werkzeugkiste","status":"publish","type":"product","link":"https:\/\/iarina032.supserv.cozmoslabs.com\/de\/produit\/bac-de-rangement\/","title":{"rendered":"Werkzeugkiste"},"content":{"rendered":"","protected":false},"excerpt":{"rendered":"<h2 style=\"text-align: left;\">Lagern, organisieren und transportieren Sie Ihre Materialien sicher<\/h2>\n<p><strong>Werkzeugkiste <\/strong>Ma\u00dfgeschneidert f\u00fcr die Lagerung, Organisation und den sicheren Transport von Hebeger\u00e4ten oder -materialien wie Moduleco- oder Modulaho-Plattformen, Winden und deren Zubeh\u00f6r. Es wird h\u00e4ufig auf Baustellen oder in Lagerhallen eingesetzt, um Sch\u00e4den an Werkzeugen vorzubeugen und deren Verf\u00fcgbarkeit w\u00e4hrend der Arbeit zu gew\u00e4hrleisten. Hier sind seine Hauptmerkmale:<\/p>\n<hr \/>\n<h3><strong>Beschreibung :<\/strong><\/h3>\n<ul>\n<li><strong>Struktur:<\/strong>\n<ul>\n<li>Aus Aluminium;<\/li>\n<li>Abnehmbare T\u00fcr;<\/li>\n<li>Auf Rollen f\u00fcr einfachen Transport<\/li>\n<\/ul>\n<\/li>\n<li><strong>Abmessungen:<\/strong> Variiert je nach zu lagernder Ausr\u00fcstung, ist aber ger\u00e4umig genug, um Winden, Kabel und deren Zubeh\u00f6r unterzubringen.<\/li>\n<\/ul>","protected":false},"featured_media":20342,"comment_status":"closed","ping_status":"closed","template":"","meta":{"_acf_changed":false,"_et_pb_use_builder":"","_et_pb_old_content":"","_et_gb_content_width":""},"product_brand":[],"product_cat":[1176],"product_tag":[1276],"class_list":{"0":"post-12992","1":"product","2":"type-product","3":"status-publish","4":"has-post-thumbnail","6":"product_cat-accessoires","7":"product_tag-rangement","9":"first","10":"instock","11":"shipping-taxable","12":"purchasable","13":"product-type-simple"},"acf":[],"_links":{"self":[{"href":"https:\/\/iarina032.supserv.cozmoslabs.com\/de\/wp-json\/wp\/v2\/product\/12992","targetHints":{"allow":["GET"]}}],"collection":[{"href":"https:\/\/iarina032.supserv.cozmoslabs.com\/de\/wp-json\/wp\/v2\/product"}],"about":[{"href":"https:\/\/iarina032.supserv.cozmoslabs.com\/de\/wp-json\/wp\/v2\/types\/product"}],"replies":[{"embeddable":true,"href":"https:\/\/iarina032.supserv.cozmoslabs.com\/de\/wp-json\/wp\/v2\/comments?post=12992"}],"wp:featuredmedia":[{"embeddable":true,"href":"https:\/\/iarina032.supserv.cozmoslabs.com\/de\/wp-json\/wp\/v2\/media\/20342"}],"wp:attachment":[{"href":"https:\/\/iarina032.supserv.cozmoslabs.com\/de\/wp-json\/wp\/v2\/media?parent=12992"}],"wp:term":[{"taxonomy":"product_brand","embeddable":true,"href":"https:\/\/iarina032.supserv.cozmoslabs.com\/de\/wp-json\/wp\/v2\/product_brand?post=12992"},{"taxonomy":"product_cat","embeddable":true,"href":"https:\/\/iarina032.supserv.cozmoslabs.com\/de\/wp-json\/wp\/v2\/product_cat?post=12992"},{"taxonomy":"product_tag","embeddable":true,"href":"https:\/\/iarina032.supserv.cozmoslabs.com\/de\/wp-json\/wp\/v2\/product_tag?post=12992"}],"curies":[{"name":"wp","href":"https:\/\/api.w.org\/{rel}","templated":true}]}}