{"id":11123,"date":"2023-07-27T14:59:10","date_gmt":"2023-07-27T12:59:10","guid":{"rendered":"https:\/\/fixator.fr\/?post_type=product&#038;p=11123"},"modified":"2025-06-13T11:46:00","modified_gmt":"2025-06-13T09:46:00","slug":"modulaho-hangeplattformen","status":"publish","type":"product","link":"https:\/\/iarina032.supserv.cozmoslabs.com\/de\/produit\/plateformes-suspendues-modulaho\/","title":{"rendered":"Modulaho-H\u00e4ngeb\u00fchnen"},"content":{"rendered":"","protected":false},"excerpt":{"rendered":"<p><strong>MODULAHO<\/strong> ist ein modulares H\u00e4ngeger\u00fcst, das sich ideal f\u00fcr tempor\u00e4re Hochhausfassadenarbeiten eignet.<\/p>\n<p>Kompatibel mit elektrischen, manuellen und pneumatischen Winden (e.lift, m.lift und p.lift).<\/p>\n<p>Es gibt ihn in zwei Versionen: STANDARD mit 0,70 cm breiten Tabletts oder EXTRA LARGE mit 1 m breiten Tabletts.<\/p>\n<p><strong>Praktikabilit\u00e4t und Einfachheit:<\/strong><\/p>\n<ul>\n<li>Gro\u00dfe Modularit\u00e4t \u2013 M\u00f6glichkeit, Tabletts mit einer L\u00e4nge von 1 m, 1,5 m, 2 m, 2,5 m und 3 m zusammenzustellen;<\/li>\n<li>Die Version <strong>EXTRA GROSS<\/strong> Bietet ein<strong> sehr vorteilhafter Arbeitsplatz<\/strong>;<\/li>\n<li>Agile Montage und Demontage dank Clip-Pins; spart Zeit \u2013 kein Werkzeug erforderlich;<\/li>\n<li>Vereinfachter Transport und Lagerung; reduzierte Anzahl von Elementen,<\/li>\n<li>M\u00f6glichkeit, einen einstellbaren Winkel hinzuzuf\u00fcgen.<\/li>\n<\/ul>\n<p><strong>Komfort und Sicherheit:<\/strong><\/p>\n<ul>\n<li>Benutzerfreundlichkeit,<\/li>\n<li>Ergonomisch, handlich,<\/li>\n<li>Reduzierter Platzbedarf \u2013 abnehmbare Anschluss- und Endhalterungen,<\/li>\n<li>Rutschfestes Aluminiumtablett,<\/li>\n<li>Ausgestattet mit Winden mit Sicherheitsbl\u00f6cken (Absturzsicherungssysteme).<\/li>\n<\/ul>","protected":false},"featured_media":13014,"comment_status":"closed","ping_status":"closed","template":"","meta":{"_acf_changed":false,"_et_pb_use_builder":"","_et_pb_old_content":"","_et_gb_content_width":""},"product_brand":[],"product_cat":[1205,1491,1492,1441,1442,1308,1160,1169,1370,1448,1369],"product_tag":[],"class_list":{"0":"post-11123","1":"product","2":"type-product","3":"status-publish","4":"has-post-thumbnail","6":"product_cat-plateformes-suspendues-temporaires","7":"product_cat-inferieur-a-300-kg-660-lbs","8":"product_cat-inferieur-a-400-kg-882-lbs","9":"product_cat-inferieur-a-500-kg-1100-lbs","10":"product_cat-inferieur-a-600-kg-1320-lbs","11":"product_cat-batiment-secteur-dactivite","12":"product_cat-equipements-temporaires","13":"product_cat-industrie","14":"product_cat-levage-de-personnes-type-de-levage","15":"product_cat-travaux-temporaires","16":"product_cat-type-de-levage","18":"first","19":"instock","20":"shipping-taxable","21":"purchasable","22":"product-type-variable","23":"has-default-attributes"},"acf":[],"_links":{"self":[{"href":"https:\/\/iarina032.supserv.cozmoslabs.com\/de\/wp-json\/wp\/v2\/product\/11123","targetHints":{"allow":["GET"]}}],"collection":[{"href":"https:\/\/iarina032.supserv.cozmoslabs.com\/de\/wp-json\/wp\/v2\/product"}],"about":[{"href":"https:\/\/iarina032.supserv.cozmoslabs.com\/de\/wp-json\/wp\/v2\/types\/product"}],"replies":[{"embeddable":true,"href":"https:\/\/iarina032.supserv.cozmoslabs.com\/de\/wp-json\/wp\/v2\/comments?post=11123"}],"wp:featuredmedia":[{"embeddable":true,"href":"https:\/\/iarina032.supserv.cozmoslabs.com\/de\/wp-json\/wp\/v2\/media\/13014"}],"wp:attachment":[{"href":"https:\/\/iarina032.supserv.cozmoslabs.com\/de\/wp-json\/wp\/v2\/media?parent=11123"}],"wp:term":[{"taxonomy":"product_brand","embeddable":true,"href":"https:\/\/iarina032.supserv.cozmoslabs.com\/de\/wp-json\/wp\/v2\/product_brand?post=11123"},{"taxonomy":"product_cat","embeddable":true,"href":"https:\/\/iarina032.supserv.cozmoslabs.com\/de\/wp-json\/wp\/v2\/product_cat?post=11123"},{"taxonomy":"product_tag","embeddable":true,"href":"https:\/\/iarina032.supserv.cozmoslabs.com\/de\/wp-json\/wp\/v2\/product_tag?post=11123"}],"curies":[{"name":"wp","href":"https:\/\/api.w.org\/{rel}","templated":true}]}}